{"id":110,"date":"2018-05-07T12:44:04","date_gmt":"2018-05-07T12:44:04","guid":{"rendered":"http:\/\/euwp06.tecnavia.com\/chiesedisicilia\/news\/?page_id=110"},"modified":"2018-05-08T14:52:14","modified_gmt":"2018-05-08T14:52:14","slug":"note-legali","status":"publish","type":"page","link":"https:\/\/www.chiesedisicilia.org\/note-legali\/","title":{"rendered":"Note legali"},"content":{"rendered":"<p>L&#8217;accesso a questo sito web da parte dei visitatori \u00e8 soggetto alle seguenti condizioni.<br \/>\nAl sito si applica la normativa in vigore nel territorio della Repubblica Italiana.<br \/>\nIl sito \u00e8 realizzato con la massima cura ed attenzione; tuttavia Chiesacattolica.it non assume alcuna responsabilit\u00e0 circa la presenza di errori, l\u2019esattezza e\/o il costante aggiornamento delle informazioni in esso contenute. Altres\u00ec si riserva il diritto di modificarne i contenuti, i servizi e\/o revocare l\u2019accesso alle pagine in qualsiasi momento e senza alcun preavviso.<br \/>\nL\u2019utilizzo di alcuni servizi offerti pu\u00f2 essere soggetto ad ulteriori condizioni, che potranno essere indicate nello spazio dedicato al servizio stesso.<br \/>\nI dati personali eventualmente acquisiti tramite la navigazione nel sito, ovvero tramite il loro conferimento volontario per usufruire di alcuni servizi sono trattati in conformit\u00e0 alle previsioni di legge. Vi invitiamo a prendere visione dell\u2019informativa presente nell\u2019apposita sezione privacy.<\/p>\n<p>ACCESSIBILITA\u2019<\/p>\n<p>Particolare attenzione \u00e8 stata osservata, nelle fasi di progettazione e di realizzazione del sito, riguardo alle caratteristiche di accessibilit\u00e0 e di usabilit\u00e0. Chiesacattolica.it sollecita ogni segnalazione o suggerimento utile al miglioramento del grado di accessibilit\u00e0 del sito. Eventuali comunicazioni a tale riguardo possono essere inoltrate a ufficiostampa@chiesedisicilia.org<\/p>\n<p>DIRITTI D\u2019AUTORE<\/p>\n<p>I contenuti del sito sono soggetti alle leggi sul diritto d\u2019autore, ove applicabili.<br \/>\nI loghi, gli elementi grafici, i marchi e gli eventuali software che determinano il funzionamento del sito e pubblicati e\/o riprodotti nello stesso sono di propriet\u00e0 di (o concessi da terzi in uso a) Chiesacattolica.it. E&#8217; fatto divieto di modificarli, copiarli, riprodurli, distribuirli od altrimenti utilizzarli senza preventiva autorizzazione scritta.<br \/>\nLe informazioni, le immagini, i file audio e video e gli altri contenuti diversi da quelli sopra elencati, ove consentito dalla legge e fatti salvi i diritti di terzi, possono essere riprodotti, divulgati ed utilizzati per finalit\u00e0 formative ed educative con espressa esclusione di qualsiasi utilizzo commerciale e\/o scopo di lucro.<br \/>\nL\u2019utente garantisce che tali contenuti saranno diffusi, riprodotti e\/o utilizzati integralmente e comunque, ove non possibile, nel pieno rispetto della formulazione originaria, senza alcuna manipolazione e\/o distorsione. Si impegna altres\u00ec a garantire l\u2019indicazione delle note di copyright, della fonte (anche indicando il link) e degli autori, ove presenti.<br \/>\nL\u2019utente effettuer\u00e0 immediatamente, a semplice richiesta di Chiesacattolica.it, la cancellazione, la modifica e\/o la rettifica dei contenuti utilizzati in violazione della presente disciplina.<br \/>\nAlcune immagini o contenuti del presente sito possono essere altres\u00ec soggette al diritto d\u2019autore di terzi.<\/p>\n<p>RESPONSABILITA\u2019<\/p>\n<p>Chiesacattolica.it non potr\u00e0 essere ritenuta in alcun modo responsabile degli eventuali danni, diretti od indiretti, cagionati dall\u2019accesso al sito ovvero dall\u2019impossibilit\u00e0 di accedervi e\/o dal suo utilizzo tra i quali le infezioni da virus informatici, che le apparecchiature dei visitatori dovessero patire a causa dell&#8217;accesso e\/o dell&#8217;interconnessione con questo sito o del download di eventuali contenuti.<br \/>\nI collegamenti ipertestuali (link) presenti in questo sito possono indirizzare la ricerca dei visitatori verso pagine web presenti in diversi siti. In tal caso, la informiamo che Chiesacattolica.it non ha alcun controllo su tali siti e, dunque, declina ogni e qualsiasi responsabilit\u00e0 in relazione sia al contenuto di quanto pubblicato su tali siti che all&#8217;uso che terzi ne possano fare.<\/p>\n<p>INSERIMENTO DEI CONTENUTI<\/p>\n<p>Qualora, tramite le pagine del presente sito e per eventuali servizi od iniziative, sia data autonomamente la possibilit\u00e0 di inserire dati o materiale di qualsiasi genere (ad es. Forum di discussione, immagini etc) l\u2019utente si impegna preventivamente a:<\/p>\n<p>\u2022 Fornire i propri dati identificativi, senza che gli stessi siano pubblicati sul sito;<\/p>\n<p>\u2022 Non inserire materiale illegale, offensivo, contrario al buon costume o altrimenti non idoneo alla pubblicazione;<\/p>\n<p>\u2022 Verificare, per quanto possibile, che tale materiale sia privo di virus o altro elemento dannoso o distruttivo;<\/p>\n<p>\u2022 Accettare che tale materiale possa essere, in qualsiasi momento e senza alcun preavviso, rimosso dalle pagine del sito;<\/p>\n<p>\u2022 Accettare che tale materiale possa essere pubblicato gratuitamente con espressa rinuncia ad ogni e qualsiasi pretesa in relazione alla pubblicazione stessa;<\/p>\n<p>\u2022 Manlevare e tenere indenne Chiesacattolica.it da ogni e qualsiasi responsabilit\u00e0, anche nei confronti di terzi, in relazione al materiale introdotto.<\/p>\n","protected":false},"excerpt":{"rendered":"","protected":false},"author":1,"featured_media":0,"parent":0,"menu_order":1525697044,"comment_status":"closed","ping_status":"closed","template":"page-no-sidebar.php","meta":[],"_links":{"self":[{"href":"https:\/\/www.chiesedisicilia.org\/chiesedisicilia\/news\/wp-json\/wp\/v2\/pages\/110"}],"collection":[{"href":"https:\/\/www.chiesedisicilia.org\/chiesedisicilia\/news\/wp-json\/wp\/v2\/pages"}],"about":[{"href":"https:\/\/www.chiesedisicilia.org\/chiesedisicilia\/news\/wp-json\/wp\/v2\/types\/page"}],"author":[{"embeddable":true,"href":"https:\/\/www.chiesedisicilia.org\/chiesedisicilia\/news\/wp-json\/wp\/v2\/users\/1"}],"replies":[{"embeddable":true,"href":"https:\/\/www.chiesedisicilia.org\/chiesedisicilia\/news\/wp-json\/wp\/v2\/comments?post=110"}],"version-history":[{"count":2,"href":"https:\/\/www.chiesedisicilia.org\/chiesedisicilia\/news\/wp-json\/wp\/v2\/pages\/110\/revisions"}],"predecessor-version":[{"id":253,"href":"https:\/\/www.chiesedisicilia.org\/chiesedisicilia\/news\/wp-json\/wp\/v2\/pages\/110\/revisions\/253"}],"wp:attachment":[{"href":"https:\/\/www.chiesedisicilia.org\/chiesedisicilia\/news\/wp-json\/wp\/v2\/media?parent=110"}],"curies":[{"name":"wp","href":"https:\/\/api.w.org\/{rel}","templated":true}]}}